{"id":26538,"date":"2025-11-14T11:30:07","date_gmt":"2025-11-14T11:30:07","guid":{"rendered":"http:\/\/wordpress.p698895.webspaceconfig.de\/product\/ubr-16-x-2500-1-10-wmw-gotha-1976-2025\/"},"modified":"2026-02-03T09:43:53","modified_gmt":"2026-02-03T09:43:53","slug":"ubr-16-x-2500-1-10-wmw-gotha-1976-2025","status":"publish","type":"product","link":"https:\/\/zoma.de\/en\/product\/ubr-16-x-2500-1-10-wmw-gotha-1976-2025\/","title":{"rendered":"UBR 16 x 2500 \/ 1-10 WMW GOTHA 1976 \/ 2025"},"content":{"rendered":"<p>Sheet width 2500 mm<br \/>Sheet thickness - max. 16 mm<br \/>Sheet thickness - min. 6 mm<br \/>Number of straightening rollers 11 Rollers<br \/>Straightening roller diameter 180 mm<br \/>Standard speed 10 - 16 - 20 m\/min<br \/>Throughput speed 10 m\/min<br \/>Main engine 75 kW<br \/>Weight 46 tonnes<\/p>\n<p><!--gpt-seo-intro-start--><\/p>\n<p>UBR 16 x 2500 Blechrichtmaschine gebraucht \u2013 Die UBR 16 x 2500 \/ 1-10 von WMW Gotha ist eine leistungsstarke Blechrichtmaschine aus dem Jahr 1976, die sich insbesondere f\u00fcr die Bearbeitung von Blechen bis zu einer Breite von 2500 mm und einer maximalen Dicke von 16 mm eignet. Typische Einsatzgebiete sind der Maschinenbau sowie Lohnfertiger, die pr\u00e4zise Richtvorg\u00e4nge durchf\u00fchren m\u00fcssen. Mit 11 Richtwalzen und einem Richtwalzendurchmesser von 180 mm erm\u00f6glicht diese Maschine eine hohe Flexibilit\u00e4t in der Bearbeitung. Die Durchlaufgeschwindigkeit von 10 m\/min und die ver\u00e4nderbare Richtgeschwindigkeit von 10, 16 bis 20 m\/min garantieren effiziente Produktionsabl\u00e4ufe. Zudem verf\u00fcgt die UBR \u00fcber einen starken 75 kW Hauptmotor, der f\u00fcr eine zuverl\u00e4ssige Kraft\u00fcbertragung sorgt. Alle Angaben ohne Gew\u00e4hr.<\/p>\n<p><!--gpt-seo-intro-end--><\/p>","protected":false},"excerpt":{"rendered":"<table>\n<tr>\n<td colspan=\"2\">Sheet width 2500 mm<\/td>\n<\/tr>\n<tr>\n<td colspan=\"2\">Sheet thickness - max. 16 mm<\/td>\n<\/tr>\n<tr>\n<td colspan=\"2\">Sheet thickness - min. 6 mm<\/td>\n<\/tr>\n<tr>\n<td colspan=\"2\">Number of straightening rollers 11 Rollers<\/td>\n<\/tr>\n<tr>\n<td colspan=\"2\"><em>More information on the product page<\/em><\/td>\n<\/tr>\n<\/table>","protected":false},"featured_media":25593,"template":"","meta":{"_acf_changed":false},"product_brand":[1849],"product_cat":[2363],"product_tag":[1850],"class_list":{"0":"post-26538","1":"product","2":"type-product","3":"status-publish","4":"has-post-thumbnail","6":"product_brand-wmw-gotha","7":"product_cat-blechrichtmaschinen","8":"product_tag-wmw-gotha","10":"first","11":"instock","12":"product-type-simple"},"acf":[],"_links":{"self":[{"href":"https:\/\/zoma.de\/en\/wp-json\/wp\/v2\/product\/26538","targetHints":{"allow":["GET"]}}],"collection":[{"href":"https:\/\/zoma.de\/en\/wp-json\/wp\/v2\/product"}],"about":[{"href":"https:\/\/zoma.de\/en\/wp-json\/wp\/v2\/types\/product"}],"wp:featuredmedia":[{"embeddable":true,"href":"https:\/\/zoma.de\/en\/wp-json\/wp\/v2\/media\/25593"}],"wp:attachment":[{"href":"https:\/\/zoma.de\/en\/wp-json\/wp\/v2\/media?parent=26538"}],"wp:term":[{"taxonomy":"product_brand","embeddable":true,"href":"https:\/\/zoma.de\/en\/wp-json\/wp\/v2\/product_brand?post=26538"},{"taxonomy":"product_cat","embeddable":true,"href":"https:\/\/zoma.de\/en\/wp-json\/wp\/v2\/product_cat?post=26538"},{"taxonomy":"product_tag","embeddable":true,"href":"https:\/\/zoma.de\/en\/wp-json\/wp\/v2\/product_tag?post=26538"}],"curies":[{"name":"wp","href":"https:\/\/api.w.org\/{rel}","templated":true}]}}