{"id":26628,"date":"2025-11-04T16:30:28","date_gmt":"2025-11-04T16:30:28","guid":{"rendered":"http:\/\/wordpress.p698895.webspaceconfig.de\/product\/peddiworker-hydraulic-502-peddinghaus-1997\/"},"modified":"2026-02-03T09:33:09","modified_gmt":"2026-02-03T09:33:09","slug":"peddiworker-hydraulic-502-peddinghaus-1997","status":"publish","type":"product","link":"https:\/\/zoma.de\/en\/product\/peddiworker-hydraulic-502-peddinghaus-1997\/","title":{"rendered":"Peddiworker Hydraulic 502 PEDDINGHAUS 1997"},"content":{"rendered":"<p>Working pressure 250 bar<br \/>Pressing force 50 t<br \/>Machine weight approx. 0.9 tonnes<br \/>PROFIL and bar steel shears<\/p>\n<p><!--gpt-seo-intro-start--><\/p>\n<p>Peddiworker Hydraulic 502 Schere gebraucht \u2013 Die Peddiworker Hydraulic 502 ist eine pr\u00e4zise hydraulische Schere, die f\u00fcr die Verarbeitung von Profil- und Stabstahl konzipiert wurde. Mit einem Arbeitsdruck von 250 bar und einer Presskraft von 50 t eignet sich diese Maschine besonders f\u00fcr Anwendungen in der Lohnfertigung und im Maschinenbau. Das Maschinengewicht von ca. 0,9 t erm\u00f6glicht eine robuste Anwendung auch in industriellen Umgebungen. Diese Schere aus dem Jahr 1997 bietet durch ihre technischen Merkmale eine effektive L\u00f6sung f\u00fcr das Schneiden von Stahlprofilen. Aufgrund ihrer Vielseitigkeit ist sie sowohl f\u00fcr kleinere Betriebe als auch f\u00fcr gro\u00dfe Produktionsst\u00e4tten von Interesse. Alle Angaben ohne Gew\u00e4hr.<\/p>\n<p><!--gpt-seo-intro-end--><\/p>","protected":false},"excerpt":{"rendered":"<table>\n<tr>\n<td colspan=\"2\">Working pressure 250 bar<\/td>\n<\/tr>\n<tr>\n<td colspan=\"2\">Pressing force 50 t<\/td>\n<\/tr>\n<tr>\n<td colspan=\"2\">Machine weight approx. 0.9 tonnes<\/td>\n<\/tr>\n<tr>\n<td colspan=\"2\">PROFIL and bar steel shears<\/td>\n<\/tr>\n<tr>\n<td colspan=\"2\"><em>More information on the product page<\/em><\/td>\n<\/tr>\n<\/table>","protected":false},"featured_media":26105,"template":"","meta":{"_acf_changed":false},"product_brand":[1147],"product_cat":[2366],"product_tag":[198],"class_list":{"0":"post-26628","1":"product","2":"type-product","3":"status-publish","4":"has-post-thumbnail","6":"product_brand-peddinghaus","7":"product_cat-scheren","8":"product_tag-peddinghaus","10":"first","11":"instock","12":"product-type-simple"},"acf":[],"_links":{"self":[{"href":"https:\/\/zoma.de\/en\/wp-json\/wp\/v2\/product\/26628","targetHints":{"allow":["GET"]}}],"collection":[{"href":"https:\/\/zoma.de\/en\/wp-json\/wp\/v2\/product"}],"about":[{"href":"https:\/\/zoma.de\/en\/wp-json\/wp\/v2\/types\/product"}],"wp:featuredmedia":[{"embeddable":true,"href":"https:\/\/zoma.de\/en\/wp-json\/wp\/v2\/media\/26105"}],"wp:attachment":[{"href":"https:\/\/zoma.de\/en\/wp-json\/wp\/v2\/media?parent=26628"}],"wp:term":[{"taxonomy":"product_brand","embeddable":true,"href":"https:\/\/zoma.de\/en\/wp-json\/wp\/v2\/product_brand?post=26628"},{"taxonomy":"product_cat","embeddable":true,"href":"https:\/\/zoma.de\/en\/wp-json\/wp\/v2\/product_cat?post=26628"},{"taxonomy":"product_tag","embeddable":true,"href":"https:\/\/zoma.de\/en\/wp-json\/wp\/v2\/product_tag?post=26628"}],"curies":[{"name":"wp","href":"https:\/\/api.w.org\/{rel}","templated":true}]}}