{"id":27321,"date":"2026-04-19T08:30:07","date_gmt":"2026-04-19T08:30:07","guid":{"rendered":"https:\/\/zoma.de\/product\/wmw-zeulenroda-pye-160-ss\/"},"modified":"2026-04-19T08:30:08","modified_gmt":"2026-04-19T08:30:08","slug":"wmw-zeulenroda-pye-160-ss","status":"publish","type":"product","link":"https:\/\/zoma.de\/en\/product\/wmw-zeulenroda-pye-160-ss\/","title":{"rendered":"WMW-ZEULENRODA PYE 160 SS |"},"content":{"rendered":"<p>Pressure 160 t<br \/>Stroke 500 mm<br \/>Total power requirement 20.5 kW<br \/>Maschinengewicht ca. 7,5 t<br \/>Nennkraft: 160 Mp (\u02dc 1600 kN \/ 160 Tonnen)<br \/>\nBetriebsdruck: 144 kp\/cm^2<br \/>\nGeschwindigkeit:<br \/>\nAbw\u00e4rts: 200 mm\/s<br \/>\nAufw\u00e4rts: 250 mm\/s<br \/>\nSt\u00f6\u00dfelhub: 500 mm<br \/>\nAusladung: 360 mm<br \/>\nGr\u00f6\u00dfter Abstand zwischen Tisch und St\u00f6\u00dfel: 800 mm<\/p>","protected":false},"excerpt":{"rendered":"<table>\n<tr>\n<td colspan=\"2\">Pressure 160 t<\/td>\n<\/tr>\n<tr>\n<td colspan=\"2\">Stroke 500 mm<\/td>\n<\/tr>\n<tr>\n<td colspan=\"2\">Total power requirement 20.5 kW<\/td>\n<\/tr>\n<tr>\n<td colspan=\"2\">Maschinengewicht ca. 7,5 t<\/td>\n<\/tr>\n<tr>\n<td colspan=\"2\"><em>More information on the product page<\/em><\/td>\n<\/tr>\n<\/table>","protected":false},"featured_media":27322,"template":"","meta":{"_acf_changed":false},"product_brand":[1929],"product_cat":[2369],"product_tag":[1931],"class_list":{"0":"post-27321","1":"product","2":"type-product","3":"status-publish","4":"has-post-thumbnail","6":"product_brand-wmw-zeulenroda","7":"product_cat-pressen","8":"product_tag-wmw-zeulenroda","10":"first","11":"instock","12":"product-type-simple"},"acf":[],"_links":{"self":[{"href":"https:\/\/zoma.de\/en\/wp-json\/wp\/v2\/product\/27321","targetHints":{"allow":["GET"]}}],"collection":[{"href":"https:\/\/zoma.de\/en\/wp-json\/wp\/v2\/product"}],"about":[{"href":"https:\/\/zoma.de\/en\/wp-json\/wp\/v2\/types\/product"}],"wp:featuredmedia":[{"embeddable":true,"href":"https:\/\/zoma.de\/en\/wp-json\/wp\/v2\/media\/27322"}],"wp:attachment":[{"href":"https:\/\/zoma.de\/en\/wp-json\/wp\/v2\/media?parent=27321"}],"wp:term":[{"taxonomy":"product_brand","embeddable":true,"href":"https:\/\/zoma.de\/en\/wp-json\/wp\/v2\/product_brand?post=27321"},{"taxonomy":"product_cat","embeddable":true,"href":"https:\/\/zoma.de\/en\/wp-json\/wp\/v2\/product_cat?post=27321"},{"taxonomy":"product_tag","embeddable":true,"href":"https:\/\/zoma.de\/en\/wp-json\/wp\/v2\/product_tag?post=27321"}],"curies":[{"name":"wp","href":"https:\/\/api.w.org\/{rel}","templated":true}]}}